{"id":133,"date":"2016-10-18T08:37:28","date_gmt":"2016-10-18T08:37:28","guid":{"rendered":"http:\/\/www.chocolatemoldsmuseum.com\/de\/?page_id=133"},"modified":"2018-05-23T14:36:43","modified_gmt":"2018-05-23T14:36:43","slug":"datenschutzerklaerung","status":"publish","type":"page","link":"https:\/\/www.chocolatemoldsmuseum.com\/de\/impressum\/datenschutzerklaerung\/","title":{"rendered":"Datenschutzerkl\u00e4rung"},"content":{"rendered":"<h5>Einleitung<\/h5>\n<p>Wir, die Michael Lothar\u00a0Wolf &#8211; Rarit\u00e4ten \u2013 Warenhandel sind als Betreiber des Online-Angebotes der <strong>Verantwortliche<\/strong> f\u00fcr die Verarbeitung der personenbezogenen Daten der Nutzer des Online-Angebotes. Unsere Kontaktdaten finden Sie im Impressum des Online-Angebotes.<\/p>\n<p>Wir nehmen den Schutz Ihrer Privatsph\u00e4re und Ihrer privaten Daten sehr ernst. Wir erfassen, speichern und nutzen Ihre personenbezogenen Daten nur in \u00dcbereinstimmung mit dem Inhalt dieser Datenschutzerkl\u00e4rung sowie den anwendbaren datenschutzrechtlichen Bestimmungen, insbesondere der europ\u00e4ischen Datenschutz-Grundverordnung (DSGVO) und den nationalen Datenschutzbestimmungen.<\/p>\n<p>Mit dieser Datenschutzerkl\u00e4rung m\u00f6chten wir Sie informieren, in welchem Umfang und zu welchem Zweck personenbezogenen Daten im Zusammenhang mit der Nutzung des Online-Angebotes verarbeitet werden.<\/p>\n<h6>Personenbezogene Daten<\/h6>\n<p>Personenbezogene Daten sind Informationen \u00fcber eine identifizierte oder identifizierbare nat\u00fcrliche Person. Hierunter fallen alle Informationen zu Ihrer Identit\u00e4t wie beispielsweise Ihr Name, Ihre E-Mail-Adresse oder Ihre Postanschrift. Informationen, die nicht mit Ihrer Identit\u00e4t in Verbindung gebracht werden k\u00f6nnen (wie zum Beispiel statistische Angaben, etwa zur Anzahl der Nutzer des Online-Angebotes) gelten dagegen nicht als personenbezogene Informationen.<\/p>\n<p>Sie k\u00f6nnen unser Online-Angebot grunds\u00e4tzlich ohne Offenlegung Ihrer Identit\u00e4t und ohne Angabe von personenbezogenen Daten nutzen. Es werden dann von uns lediglich allgemeine Informationen \u00fcber den Besuch unseres Online-Angebotes erfasst. F\u00fcr manche der angebotenen Dienste werden allerdings personenbezogene Daten von Ihnen erhoben. Diese Daten werden dann von uns grunds\u00e4tzlich nur zu Zwecken der Nutzung dieses Online-Angebots, insbesondere zur Bereitstellung der gew\u00fcnschten Informationen verarbeitet. Bei der Erhebung von personenbezogenen Daten m\u00fcssen nur die Daten verpflichtend angegeben werden, die zwingend erforderlich sind. Dar\u00fcber hinaus k\u00f6nnen weitere Angaben m\u00f6glich sein, wobei es sich dann um freiwillige Angaben handelt. Wir weisen jeweils darauf hin, ob es sich um Pflichtfelder oder freiwillige Angaben handelt. \u00dcber die konkreten Einzelheiten informieren wir dann in dem entsprechenden Abschnitt dieser Datenschutzerkl\u00e4rung.<\/p>\n<p>Eine automatisierte Entscheidungsfindung auf Basis Ihrer personenbezogenen Daten findet im Zusammenhang mit der Nutzung unseres Online-Angebotes nicht statt.<\/p>\n<h6>Verarbeitung personenbezogener Informationen<\/h6>\n<p>Ihre Angaben werden von uns auf besonders gesch\u00fctzten Servern innerhalb der Europ\u00e4ischen Union gespeichert. Diese sind durch technische und organisatorische Ma\u00dfnahmen gegen Verlust, Zerst\u00f6rung, Zugriff, Ver\u00e4nderung oder Verbreitung Ihrer Daten durch unbefugte Personen gesch\u00fctzt. Der Zugriff auf Ihre Daten ist nur wenigen, befugten Personen m\u00f6glich. Diese sind f\u00fcr die technische, kaufm\u00e4nnische oder redaktionelle Betreuung der Server zust\u00e4ndig. Trotz regelm\u00e4\u00dfiger Kontrollen ist ein vollst\u00e4ndiger Schutz gegen alle Gefahren jedoch nicht m\u00f6glich.<\/p>\n<p>Ihre personenbezogenen Daten werden verschl\u00fcsselt \u00fcber das Internet \u00fcbertragen. Wir verwenden f\u00fcr die Daten\u00fcbertragung eine SSL-Verschl\u00fcsselung (Secure Socket Layer).<\/p>\n<h6>Weitergabe personenbezogene Daten an Dritte<\/h6>\n<p>Wir verwenden Ihre personenbezogenen Informationen grunds\u00e4tzlich nur zur Erbringung der von Ihnen gew\u00fcnschten Leistungen. Soweit im Rahmen der Leistungserbringung von uns externe Dienstleister eingesetzt werden, erfolgt deren Zugriff auf die Daten auch ausschlie\u00dflich zum Zwecke der Leistungserbringung. Durch technische und organisatorische Ma\u00dfnahmen stellen wir die Einhaltung der datenschutzrechtlichen Vorgaben sicher und verpflichten auch unsere externen Dienstleister hierauf.<\/p>\n<p>Wir geben dar\u00fcber hinaus die Daten nicht ohne Ihre ausdr\u00fcckliche Einwilligung an Dritte weiter, insbesondere nicht zu Werbezwecken. Eine Weitergabe Ihrer personenbezogenen Daten erfolgt nur, wenn Sie selbst in die Datenweitergabe eingewilligt haben oder soweit wir aufgrund gesetzlicher Bestimmungen und\/oder beh\u00f6rdlicher bzw. gerichtlicher Anordnungen hierzu berechtigt oder verpflichtet sind. Dabei kann es sich insbesondere um die Auskunftserteilung f\u00fcr Zwecke der Strafverfolgung, zur Gefahrenabwehr oder zur Durchsetzung geistiger Eigentumsrechte handeln.<\/p>\n<h6>Rechtsgrundlagen der Datenverarbeitung<\/h6>\n<p>Soweit wir f\u00fcr die Verarbeitung Ihrer personenbezogenen Daten eine Einwilligung einholen, dient Art. 6 Abs. 1 lit. a) DSGVO als Rechtsgrundlage f\u00fcr die Datenverarbeitung.<\/p>\n<p>Soweit Ihre personenbezogenen Daten verarbeiten, weil dies zur Erf\u00fcllung eines Vertrages oder im Rahmen eines vertrags\u00e4hnlichen Verh\u00e4ltnisses mit Ihnen erforderlich ist, dient Art. 6 Abs. 1 lit. b) DSGVO als Rechtsgrundlage f\u00fcr die Datenverarbeitung.<\/p>\n<p>Soweit wir Ihre personenbezogenen Daten zur Erf\u00fcllung einer rechtlichen Verpflichtung verarbeiten, dient Art. 6 Abs. 1 lit. c) DSGVO als Rechtsgrundlage f\u00fcr die Datenverarbeitung.<\/p>\n<p>Als Rechtsgrundlage f\u00fcr die Datenverarbeitung kommt weiter Art. 6 Abs. 1 lit. f) DSGVO in Betracht, wenn die Verarbeitung Ihrer personenbezogenen Daten zur Wahrung eines berechtigten Interesses unseres Unternehmens oder eines Dritten erforderlich ist und dabei Ihre Interessen, Grundrechte und Grundfreiheiten nicht den Schutz der personenbezogenen Daten erfordern.<\/p>\n<p>Im Rahmen dieser Datenschutzerkl\u00e4rung weisen wir immer darauf hin, auf welche Rechtsgrundlage wir die Verarbeitung Ihrer personenbezogenen Daten st\u00fctzen.<\/p>\n<h6>Datenl\u00f6schung und Speicherdauer<\/h6>\n<p>Wir l\u00f6schen bzw. sperren Ihre personenbezogenen Daten grunds\u00e4tzlich immer dann, wenn der Zweck der Speicherung entf\u00e4llt. Eine Speicherung kann aber dar\u00fcber hinaus erfolgen, wenn dies durch rechtliche Vorgaben, denen wir unterliegen, vorgesehen ist, etwa im Hinblick auf gesetzliche Aufbewahrungs- und Dokumentationspflichten. In einem solchen Fall l\u00f6schen bzw. sperren wir Ihre personenbezogenen Daten nach dem Ende der entsprechenden Vorgaben.<\/p>\n<h5>Nutzung unseres Online-Angebotes<\/h5>\n<h6>Informationen \u00fcber Ihren Computer<\/h6>\n<p>Bei jedem Zugriff auf unser Online-Angebot erheben wir unabh\u00e4ngig von Ihrer Registrierung folgende Informationen \u00fcber Ihren Computer: die IP-Adresse Ihres Computers, die Anfrage Ihres Browsers sowie die Zeit dieser Anfrage. Au\u00dferdem werden der Status und die \u00fcbertragene Datenmenge im Rahmen dieser Anfrage erfasst. Wir erheben auch Produkt- und Versionsinformationen \u00fcber den verwendeten Browser und das Betriebssystem des Computers. Wir erfassen weiter, von welcher Website aus der Zugriff auf das Online-Angebot erfolgte. Die IP-Adresse Ihres Computers wird dabei nur f\u00fcr die Zeit der Nutzung des Online-Angebotes gespeichert und im Anschluss daran gel\u00f6scht oder durch K\u00fcrzung anonymisiert. Die \u00fcbrigen Daten werden f\u00fcr eine begrenzte Zeitdauer gespeichert.<\/p>\n<p>Wir verwenden diese Daten f\u00fcr den Betrieb des Online-Angebotes, insbesondere um Fehler festzustellen und zu beseitigen, um die Auslastung des Online-Angebotes festzustellen sowie um Anpassungen oder Verbesserungen vorzunehmen. In diesen Zwecken liegt auch unser berechtigtes Interesse an der Datenverarbeitung nach Art. 6 Abs. 1 lit. f) DSGVO, der Rechtsgrundlage dieser Verarbeitung ist.<\/p>\n<h6>Einsatz von Cookies<\/h6>\n<p>F\u00fcr unser Online-Angebot kommen \u2013 wie auf vielen Webseiten \u2013 Cookies zum Einsatz. Cookies sind kleine Textdateien, die auf Ihrem Computer gespeichert werden und die bestimmte Einstellungen und Daten zum Austausch mit dem Online-Angebot von uns \u00fcber Ihren Browser speichern. Ein Cookie enth\u00e4lt in der Regel den Namen der Domain, von der die Cookie-Datei gesendet wurde sowie Informationen \u00fcber das Alter des Cookies und ein alphanumerisches Identifizierungszeichen.<\/p>\n<p>Cookies erm\u00f6glichen es uns, den Computer von Ihnen zu erkennen und eventuelle Voreinstelllungen sofort verf\u00fcgbar zu machen. Cookies helfen uns, das Online-Angebot zu verbessern sowie Ihnen einen besseren und noch mehr auf Sie zugeschnittenen Service anbieten zu k\u00f6nnen. Hierin ist auch unser berechtigtes Interesse an der Datenverarbeitung nach Art. 6 Abs. 1 lit. f) DSGVO zu sehen.<\/p>\n<p>Die von uns verwendeten Cookies sind sogenannte Session-Cookies, die nach dem Ende der Browsersitzung automatisch wieder gel\u00f6scht werden. Vereinzelt k\u00f6nnen auch Cookies mit einer l\u00e4ngeren Speicherdauer genutzt werden, damit Ihre Voreinstellungen und Pr\u00e4ferenzen auch beim n\u00e4chsten Besuch unseres Online-Angebotes noch ber\u00fccksichtigt werden k\u00f6nnen.<\/p>\n<p>Die meisten Browser sind so eingestellt, dass sie Cookies automatisch akzeptieren. Sie k\u00f6nnen das Speichern von Cookies jedoch deaktivieren oder Ihren Browser so einstellen, dass er Sie benachrichtigt, sobald Cookies gesendet werden. Es ist au\u00dferdem m\u00f6glich, bereits gespeicherte Cookies manuell \u00fcber die Einstellungen des Browsers zu l\u00f6schen. Bitte beachten Sie, dass Sie unser Online-Angebot unter Umst\u00e4nden nur eingeschr\u00e4nkt oder gar nicht nutzen k\u00f6nnen, wenn Sie die Speicherung von Cookies ablehnen oder notwendige Cookies l\u00f6schen.<\/p>\n<h6>Technisch notwendige Cookies<\/h6>\n<p>Manche Cookies sind technisch notwendig, um Ihnen die Nutzung unsere Online-Angebote zu erm\u00f6glichen. Mit diesen Cookies erfassen und speichern wir folgende Daten<\/p>\n<ul style=\"padding-left: 30px;\">\n<li>Spracheinstellungen<\/li>\n<li>Sucheinstellungen<\/li>\n<li>Inhalte eines Online-Formulars<\/li>\n<li>Informationen zur Identifizierung bzw. Authentifizierung des Nutzers<\/li>\n<li>Daten zur st\u00f6rungsfreien Wiedergabe von Audio- oder Videoinhalten<\/li>\n<li>Produkte im Warenkorb<\/li>\n<li>\u2026<\/li>\n<\/ul>\n<p>Cookies erm\u00f6glichen es uns, Ihren Computer zu erkennen und eventuelle Voreinstelllungen sofort verf\u00fcgbar zu machen. Cookies helfen uns, das Online-Angebot zu verbessern sowie Ihnen einen besseren und nutzerfreundlichen Service anbieten zu k\u00f6nnen. Der Einsatz von Cookies ist au\u00dferdem erforderlich, um Ihnen die Nutzung unserer Online-Angebote zu vereinfachen. Einige Funktionen k\u00f6nnen Ihnen nur durch die Nutzung von Cookies angeboten werden. Das betrifft die Suche, Online-Formulare, Kundenkonto, Warenkorb, \u2026 Daraus folgt auch unser berechtigtes Interesse f\u00fcr die Rechtsgrundlage f\u00fcr die Verarbeitung von Daten mithilfe von Cookies gem\u00e4\u00df Art. 6 Abs. 1 f DSGVO.<\/p>\n<h5>Registrierung<\/h5>\n<p>Sie k\u00f6nnen sich f\u00fcr die Nutzung unseres Online-Angebotes registrieren. Dazu m\u00fcssen Sie die im Rahmen der Registrierung abgefragten Daten mitteilen, zum Beispiel Name, Adresse und E-Mail-Adresse. Zudem erfassen wir Datum und Uhrzeit der Registrierung und die IP-Adresse. Im Rahmen des Registrierungsprozesses holen wir Ihre Einwilligung f\u00fcr die Nutzung der Daten ein. Sie haben dabei den Vorteil, diese Daten nicht bei jeder Nutzung bzw. Bestellung erneut eingeben zu m\u00fcssen.<\/p>\n<p>Rechtsgrundlage f\u00fcr die Verarbeitung der Daten zur Registrierung ist bei einer Einwilligung Art.\u00a06\u00a0Abs.\u00a01\u00a0lit. a) DSGVO. Soweit Sie sich zur Erf\u00fcllung oder Anbahnung eines Vertrags bei uns registrieren, ist die Rechtsgrundlage f\u00fcr die Verarbeitung der Daten zus\u00e4tzlich Art.\u00a06\u00a0Abs.\u00a01\u00a0lit. b) DSGVO.<\/p>\n<p>Die im Rahmen der Registrierung als Pflichtfeld abgefragten Informationen sind zur Erf\u00fcllung oder Anbahnung eines Vertrags mit uns \u00fcber bestimmte Leistungen erforderlich. Sie sind jedoch nicht verpflichtet, sich zu registrieren, sondern k\u00f6nnen auch als Gast bestellen. In dem Fall m\u00fcssen Sie jedoch bei jeder Bestellung wieder alle zur Abwicklung des Vertrags erforderlichen Daten eingeben.<\/p>\n<p>Mit der Registrierung wird f\u00fcr Sie ein Kundenkonto angelegt. Die Daten in dem Kundenkonto werden bei uns solange gespeichert, wie eine aktive Kundenbeziehung besteht. Wenn \u00fcber einen Zeitraum von drei Jahren keine Aktivit\u00e4t mehr feststellbar ist, wird der Status der Kundenbeziehung auf inaktiv gesetzt. Sie k\u00f6nnen jederzeit die L\u00f6schung Ihres Kundenkontos verlangen.<\/p>\n<h5>Bestellabwicklung<\/h5>\n<p>Wir verwenden Ihre personenbezogenen Informationen bei Bestellungen nur innerhalb unseres Unternehmens und verbundener Gesellschaften sowie bei dem mit der Abwicklung von Bestellungen beauftragten Unternehmen.<\/p>\n<h6>Speicherung und Datenweitergabe bei Bestellungen<\/h6>\n<p>F\u00fcr die Bestellabwicklung arbeiten wir mit verschiedenen Unternehmen zusammen, die f\u00fcr die Zahlungsabwicklung und Logistik zust\u00e4ndig sind. Wir sorgen dabei daf\u00fcr, dass auch unsere Partner die datenschutzrechtlichen Bestimmungen einhalten. So geben wir Ihre Adressdaten (Name und Anschrift) an das jeweilige Transportunternehmen weiter, das Ihnen die bestellten Produkte ausliefert. Rechtsgrundlage daf\u00fcr ist Art.\u00a06\u00a0Abs.\u00a01 lit. b) DSGVO. Die Verarbeitung Ihrer personenbezogenen Daten ist zur Erf\u00fcllung des Vertrags mit Ihnen erforderlich.<\/p>\n<p>Die Daten werden bei uns solange gespeichert, wie sie zur Erf\u00fcllung des Vertrags erforderlich sind. Dar\u00fcber hinaus speichern wir diese Daten zur Erf\u00fcllung nachvertraglicher Pflichten und aufgrund von handels- und steuerrechtlichen Aufbewahrungsfristen f\u00fcr den gesetzlich vorgeschriebenen Zeitraum. Diese Aufbewahrungsfrist betr\u00e4gt in der Regel 10 Jahre zum Ende des jeweiligen Kalenderjahres.<\/p>\n<h6>Zahlungsabwicklung bei Bestellungen, Paypal<\/h6>\n<p>Abh\u00e4ngig von der gew\u00e4hlten Zahlungsart erfolgt die Zahlungsabwicklung bei Bestellungen gegebenenfalls durch Einschaltung eines Dienstleisters.<\/p>\n<p>Bei Zahlung mit Kreditkarte werden Ihre dazu notwendigen Daten wie Name, Adresse sowie die Kaufdaten an das jeweilige Kreditkartenunternehmen weitergeleitet.<\/p>\n<p>Bei Zahlung \u00fcber PayPal werden Sie \u00fcber einen Link auf die Internetseite von Paypal weitergeleitet. Es werden dabei personenbezogene Daten von Ihnen verarbeitet. Das sind Ihr Name, Ihre Anschrift, Ihre E-Mail-Adresse, ggf. Telefonnummer sowie Konto- oder Kreditkartendaten. Beachten Sie hierf\u00fcr bitte die Allgemeinen Gesch\u00e4ftsbedingungen, Nutzungsbedingungen und Datenschutzgrunds\u00e4tze von PayPal (Europe) S.\u00e0 r.l. et Cie, S.C.A., 22-24 Boulevard Royal, L-2449 Luxembourg auf der Internetseite www.paypal.com.<\/p>\n<p>Rechtsgrundlage f\u00fcr die Zahlungsabwicklung ist Art.\u00a06\u00a0Abs.\u00a01 lit. b) DSGVO. Die Verarbeitung Ihrer personenbezogenen Daten ist zur Erf\u00fcllung des Vertrags mit Ihnen erforderlich, wobei die Zahlungsart von Ihnen frei gew\u00e4hlt werden kann.<\/p>\n<p>Die Daten werden bei uns solange gespeichert, wie sie zur Erf\u00fcllung des Vertrags erforderlich sind. Dar\u00fcber hinaus speichern wir diese Daten zur Erf\u00fcllung nachvertraglicher Pflichten und aufgrund von handels- und steuerrechtlichen Aufbewahrungsfristen f\u00fcr den gesetzlich vorgeschriebenen Zeitraum. Diese Aufbewahrungsfrist betr\u00e4gt in der Regel 10 Jahre zum Ende des jeweiligen Kalenderjahres.<\/p>\n<h5>Kommunikation mit uns<\/h5>\n<p>Sie k\u00f6nnen mit uns auf verschiedene Weise in Kontakt treten, unter anderem \u00fcber das Kontaktformular auf unserer Internetseite. Au\u00dferdem informieren Sie gerne regelm\u00e4\u00dfig mit unserem Newsletter per E-Mail.<\/p>\n<h6>Kontaktformular<\/h6>\n<p>Soweit Sie das Kontaktformular in unserem Online-Angebot nutzen m\u00f6chten, erfassen wir hierzu die personenbezogenen Daten, die Sie im Kontaktformular angeben, insbesondere Name und E-Mail-Adresse. Zudem speichern wir die IP-Adresse sowie das Datum und die Uhrzeit der Anfrage. Wir verarbeiten die \u00fcber das Kontaktformular \u00fcbermittelten Daten ausschlie\u00dflich zu dem Zweck, Ihre Anfrage bzw. Ihr Anliegen beantworten zu k\u00f6nnen.<\/p>\n<p>Sie k\u00f6nnen selbst dar\u00fcber entscheiden, welche Information Sie uns \u00fcber das Kontaktformular \u00fcbermitteln. Die Rechtsgrundlage f\u00fcr die Verarbeitung Ihrer Daten ist Ihre Einwilligung nach Art. 6 Abs. 1 lit. a) DSGVO.<\/p>\n<p>Nach der Bearbeitung der Angelegenheit durch uns werden die Daten zun\u00e4chst f\u00fcr den Fall etwaiger R\u00fcckfragen gespeichert. Eine L\u00f6schung der Daten kann jederzeit verlangt werden, andernfalls erfolgt die L\u00f6schung nach vollst\u00e4ndiger Erledigung der Angelegenheit; gesetzliche Aufbewahrungspflichten bleiben jeweils unber\u00fchrt.<\/p>\n<h6>Newsletter<\/h6>\n<p>Bei der Anmeldung zu unserem Newsletter wird Ihre E-Mail-Adresse f\u00fcr eigene Werbezwecke genutzt, bis Sie sich abmelden. Sie erhalten dazu regelm\u00e4\u00dfige Informationen per E-Mail zu aktuellen Themen sowie E-Mails aus speziellem Anlass, zum Beispiel bei besonderen Aktionen. Die E-Mails k\u00f6nnen dabei basierend auf unseren Informationen \u00fcber Sie personalisiert und individualisiert sein.<\/p>\n<p>F\u00fcr die Anmeldung zu unserem Newsletter verwenden wir, soweit Sie uns Ihre Einwilligung nicht schriftlich erteilt haben, das sogenannte Double-Opt-In-Verfahren, d.h. wir werden Ihnen erst dann einen Newsletter per E-Mail zusenden, wenn Sie uns zuvor ausdr\u00fccklich best\u00e4tigt haben, dass wir den Newsletter-Versand aktivieren sollen. Wir werden Ihnen dann eine Benachrichtigungs-E-Mail zusenden und Sie bitten, durch das Anklicken eines in dieser E-Mail enthaltenen Links zu best\u00e4tigen, dass Sie unseren Newsletter erhalten m\u00f6chten.<\/p>\n<p>Die Rechtsgrundlage f\u00fcr die Verarbeitung Ihrer Daten ist Ihre Einwilligung nach Art. 6 Abs. 1 lit. a) DSGVO, wenn Sie sich ausdr\u00fccklich f\u00fcr den Newsletter angemeldet haben. Im Rahmen der gesetzlichen Vorgaben kann es auch m\u00f6glich sein, dass Sie von uns ohne ausdr\u00fcckliche Einwilligung unseren Newsletter erhalten, weil Sie bei uns Waren oder Dienstleistungen bestellt haben, wir in diesem Zusammenhang Ihre E-Mail-Adresse erhalten haben und Sie dem Erhalt von Informationen per E-Mail nicht widersprochen haben. In diesem Fall ist als Rechtsgrundlage unser berechtigtes Interesse zur \u00dcbermittlung von Direktwerbung nach Art. 6 Abs. 1 lit. f) DSGVO anzusehen.<\/p>\n<p>Sollten Sie insgesamt keine Newsletter mehr von uns erhalten wollen, k\u00f6nnen Sie Ihre einmal erteilte Einwilligung jederzeit mit Wirkung f\u00fcr die Zukunft widerrufen bzw. dem weiteren Erhalt des Newsletters widersprechen, ohne dass hierf\u00fcr andere als die \u00dcbermittlungskosten nach den Basistarifen entstehen. Nutzen Sie einfach den in jedem Newsletter enthaltenen Abmelde-Link oder senden Sie eine Mitteilung an uns oder unseren Datenschutzbeauftragten.<\/p>\n<h5>Ihre Rechte<\/h5>\n<p>Wir legen gro\u00dfen Wert darauf, die Verarbeitung Ihrer personenbezogenen Daten m\u00f6glichst transparent zu erl\u00e4utern und Sie auch \u00fcber die Ihnen zustehenden Rechte zu informieren. Wenn Sie n\u00e4here Informationen w\u00fcnschen oder die Ihnen zustehenden Rechte aus\u00fcben wollen, k\u00f6nnen Sie sich jederzeit bei uns melden, damit wir uns um Ihr Anliegen k\u00fcmmern.<\/p>\n<h6>Betroffenenrechte<\/h6>\n<p>Bez\u00fcglich der Verarbeitung Ihrer personenbezogenen Daten stehen Ihnen umfangreiche Rechte zu. Zun\u00e4chst haben Sie ein umfangreiches Auskunftsrecht und k\u00f6nnen gegebenenfalls die Berichtigung und\/oder L\u00f6schung\u00a0 bzw. Sperrung Ihrer personenbezogenen Daten verlangen. Sie k\u00f6nnen auch eine Einschr\u00e4nkung der Verarbeitung verlangen und haben ein Widerspruchsrecht. Im Hinblick auf die uns von Ihnen \u00fcbermittelten personenbezogenen Daten steht Ihnen au\u00dferdem ein Recht auf Daten\u00fcbertragbarkeit zu.<\/p>\n<p>Wenn Sie eines Ihrer Rechte geltend machen und\/oder n\u00e4here Informationen hier\u00fcber erhalten m\u00f6chten, wenden Sie sich bitte an unseren Kundenservice. Alternativ k\u00f6nnen Sie sich au\u00dferdem an unseren Datenschutzbeauftragten wenden.<\/p>\n<h6>Widerruf der Einwilligung und Widerspruch<\/h6>\n<p>Eine einmal von Ihnen erteilte Einwilligung kann jederzeit mit Wirkung f\u00fcr die Zukunft frei widerrufen werden. Durch den Widerruf der Einwilligung wird die Rechtm\u00e4\u00dfigkeit der aufgrund der Einwilligung bis zum Widerruf erfolgten Verarbeitung nicht ber\u00fchrt. Ansprechpartner hierf\u00fcr sind ebenfalls unser Kundenservice ist unser Datenschutzbeauftragter.<\/p>\n<p>Sofern die Verarbeitung Ihrer personenbezogenen Daten nicht auf einer Einwilligung beruht, sondern aufgrund einer anderen Rechtsgrundlage erfolgt, k\u00f6nnen Sie dieser Datenverarbeitung widersprechen. Ihr Widerspruch f\u00fchrt zu einer \u00dcberpr\u00fcfung und gegebenenfalls Beendigung der Datenverarbeitung. Sie werden \u00fcber das Ergebnis der \u00dcberpr\u00fcfung informiert und erhalten \u2013 soweit die Datenverarbeitung dennoch fortgesetzt werden soll \u2013 von uns n\u00e4here Informationen, warum die Datenverarbeitung zul\u00e4ssig ist.<\/p>\n<h6>Beschwerden<\/h6>\n<p>Wenn Sie der Auffassung, dass die Verarbeitung Ihrer personenbezogenen Daten durch uns nicht im Einklang mit dieser Datenschutzerkl\u00e4rung oder den anwendbaren Datenschutzbestimmungen erfolgt, k\u00f6nnen Sie sich bei unserem Datenschutzbeauftragten beschweren. Der Datenschutzbeauftragte wird die Angelegenheit dann pr\u00fcfen und Sie \u00fcber das Ergebnis der Pr\u00fcfung informieren. Dar\u00fcber hinaus steht Ihnen auch ein Beschwerderecht bei einer Aufsichtsbeh\u00f6rde zu.<\/p>\n<h5>Weitere Informationen und \u00c4nderungen<\/h5>\n<h6>Links zu anderen Websites<\/h6>\n<p>Unser Online-Angebot kann Links zu anderen Websites enthalten. Diese Verlinkungen sind in der Regel als solche gekennzeichnet. Wir haben keinen Einfluss darauf, inwieweit auf den verlinkten Webseiten die geltenden Datenschutzbestimmungen eingehalten werden. Wir empfehlen daher, dass Sie sich auch bei anderen Websites \u00fcber die jeweiligen Datenschutzerkl\u00e4rungen informieren.<\/p>\n<h6>\u00c4nderungen dieser Datenschutzerkl\u00e4rung<\/h6>\n<p>Der Stand dieser Datenschutzerkl\u00e4rung wird durch die Datumangabe (unten) kenntlich gemacht. Wir behalten uns das Recht vor, diese Datenschutzerkl\u00e4rung jederzeit mit Wirkung f\u00fcr die Zukunft zu \u00e4ndern. Eine \u00c4nderung erfolgt insbesondere bei technischen Anpassungen des Online-Angebotes oder bei \u00c4nderungen der datenschutzrechtlichen Vorgaben. Die jeweils aktuelle Version der Datenschutzerkl\u00e4rung ist immer direkt \u00fcber das Online-Angebot abrufbar. Wir empfehlen Ihnen, sich regelm\u00e4\u00dfig \u00fcber \u00c4nderungen dieser Datenschutzerkl\u00e4rung zu informieren.<\/p>\n<p>Stand dieser Datenschutzerkl\u00e4rung: Mai 2018<\/p>\n","protected":false},"excerpt":{"rendered":"<p>Einleitung Wir, die Michael Lothar\u00a0Wolf &#8211; Rarit\u00e4ten \u2013 Warenhandel sind als Betreiber des Online-Angebotes der Verantwortliche f\u00fcr die Verarbeitung der personenbezogenen Daten der Nutzer des Online-Angebotes. Unsere Kontaktdaten finden Sie im Impressum des Online-Angebotes. Wir nehmen den Schutz Ihrer Privatsph\u00e4re und Ihrer privaten Daten sehr ernst. Wir erfassen, speichern und nutzen Ihre personenbezogenen Daten nur &hellip; <a href=\"https:\/\/www.chocolatemoldsmuseum.com\/de\/impressum\/datenschutzerklaerung\/\" class=\"more-link\"><span class=\"screen-reader-text\">\u201eDatenschutzerkl\u00e4rung\u201c<\/span> weiterlesen<\/a><\/p>\n","protected":false},"author":1,"featured_media":0,"parent":8,"menu_order":21,"comment_status":"closed","ping_status":"closed","template":"","meta":[],"_links":{"self":[{"href":"https:\/\/www.chocolatemoldsmuseum.com\/de\/wp-json\/wp\/v2\/pages\/133"}],"collection":[{"href":"https:\/\/www.chocolatemoldsmuseum.com\/de\/wp-json\/wp\/v2\/pages"}],"about":[{"href":"https:\/\/www.chocolatemoldsmuseum.com\/de\/wp-json\/wp\/v2\/types\/page"}],"author":[{"embeddable":true,"href":"https:\/\/www.chocolatemoldsmuseum.com\/de\/wp-json\/wp\/v2\/users\/1"}],"replies":[{"embeddable":true,"href":"https:\/\/www.chocolatemoldsmuseum.com\/de\/wp-json\/wp\/v2\/comments?post=133"}],"version-history":[{"count":9,"href":"https:\/\/www.chocolatemoldsmuseum.com\/de\/wp-json\/wp\/v2\/pages\/133\/revisions"}],"predecessor-version":[{"id":147,"href":"https:\/\/www.chocolatemoldsmuseum.com\/de\/wp-json\/wp\/v2\/pages\/133\/revisions\/147"}],"up":[{"embeddable":true,"href":"https:\/\/www.chocolatemoldsmuseum.com\/de\/wp-json\/wp\/v2\/pages\/8"}],"wp:attachment":[{"href":"https:\/\/www.chocolatemoldsmuseum.com\/de\/wp-json\/wp\/v2\/media?parent=133"}],"curies":[{"name":"wp","href":"https:\/\/api.w.org\/{rel}","templated":true}]}}