{"id":30,"date":"2016-04-15T13:03:58","date_gmt":"2016-04-15T13:03:58","guid":{"rendered":"http:\/\/www.chocolatemoldsmuseum.com\/de\/?page_id=30"},"modified":"2016-05-18T10:42:38","modified_gmt":"2016-05-18T10:42:38","slug":"das-museum","status":"publish","type":"page","link":"https:\/\/www.chocolatemoldsmuseum.com\/de\/das-museum\/","title":{"rendered":"Das Museum"},"content":{"rendered":"<p><strong>DAS SCHOKOLADENFORMENMUSEUM<\/strong><\/p>\n<p>Willkommen auf der Website des ersten Schokoladenformenmuseum. Gelegen in einer landschaftlich reizvollen Umgebung an den Ausl\u00e4ufern des Teutoburger Waldes, befindet sich das Museum in einem umgebauten Stall eines Landhauses aus den Jahren 1794 \u2013 1864 .<\/p>\n<p>Das Museum ist Besuchern oder Schulgruppen nur nach vorheriger Anmeldung zug\u00e4nglich. Sie sehen seltene und einzigartige, antike Schokoladenformen aus den vergangenen Jahrhunderten von den seinerzeit bekanntesten Schokoladenformenherstellern, die zum Teil noch heute existieren. Ein Film \u00fcber die Entstehung der Schokolade und deren Verarbeitung sowie eine praktische \u00dcbung, Schokolade zu gie\u00dfen, runden den Besuch ab.<\/p>\n<p>Personen und Unternehmen, die das Schokoladenformenmuseum unterst\u00fctzt und gef\u00f6rdert haben werden vorgestellt. Diese Unternehmen und F\u00f6rderer\u00a0 sind auf unserer Website benannt. Werden auch Sie \u201eFreunde des Museums\u201c und kontaktieren Sie uns.<\/p>\n<p>Sie haben auch die M\u00f6glichkeit, einige exklusive Produkte zu erwerben oder zu bestellen.<\/p>\n<p>Die Museumswebsite bietet Ihnen eine Auswahl an Produkten aber auch Schokoladenformen und Zubeh\u00f6r f\u00fcr Konditoren oder den Hausgebrauch.<\/p>\n<p>Schokoladenartikel, als Hohlfiguren oder massiv f\u00fcr die Dekoration bieten wir Ihnen aus historischen Schokoladenformen hergestellt.<\/p>\n<p>Versuchen Sie das Geheimnis der Herstellung der antiken Schokoladenformen zu ergr\u00fcnden und erhalten Sie ein kleines, schokoladiges Geschenk.<\/p>\n<p>Wir bedanken uns f\u00fcr Ihren Besuch auf unserer Website \u00a0und w\u00fcrden Sie gerne einmal in unserem privaten Schokoladenformenmuseum begr\u00fc\u00dfen k\u00f6nnen.<\/p>\n<p>Herzliche Gr\u00fc\u00dfe<\/p>\n<p>Familie Wolf<\/p>\n<p><img loading=\"lazy\" class=\"alignnone size-large wp-image-117\" src=\"http:\/\/www.chocolatemoldsmuseum.com\/de\/wp-content\/uploads\/sites\/2\/2016\/04\/La-Domaine-358.jpg\" alt=\"La-Domaine-358\" width=\"200\" height=\"300\" \/>\u00a0<img loading=\"lazy\" class=\"alignnone size-full wp-image-116\" src=\"http:\/\/www.chocolatemoldsmuseum.com\/de\/wp-content\/uploads\/sites\/2\/2016\/04\/Haus-092.jpg\" alt=\"Haus 092\" width=\"450\" height=\"300\" srcset=\"https:\/\/www.chocolatemoldsmuseum.com\/de\/wp-content\/uploads\/sites\/2\/2016\/04\/Haus-092.jpg 450w, https:\/\/www.chocolatemoldsmuseum.com\/de\/wp-content\/uploads\/sites\/2\/2016\/04\/Haus-092-300x200.jpg 300w\" sizes=\"(max-width: 450px) 85vw, 450px\" \/><\/p>\n","protected":false},"excerpt":{"rendered":"<p>DAS SCHOKOLADENFORMENMUSEUM Willkommen auf der Website des ersten Schokoladenformenmuseum. Gelegen in einer landschaftlich reizvollen Umgebung an den Ausl\u00e4ufern des Teutoburger Waldes, befindet sich das Museum in einem umgebauten Stall eines Landhauses aus den Jahren 1794 \u2013 1864 . Das Museum ist Besuchern oder Schulgruppen nur nach vorheriger Anmeldung zug\u00e4nglich. Sie sehen seltene und einzigartige, antike &hellip; <a href=\"https:\/\/www.chocolatemoldsmuseum.com\/de\/das-museum\/\" class=\"more-link\"><span class=\"screen-reader-text\">\u201eDas Museum\u201c<\/span> weiterlesen<\/a><\/p>\n","protected":false},"author":1,"featured_media":0,"parent":0,"menu_order":10,"comment_status":"closed","ping_status":"closed","template":"","meta":[],"_links":{"self":[{"href":"https:\/\/www.chocolatemoldsmuseum.com\/de\/wp-json\/wp\/v2\/pages\/30"}],"collection":[{"href":"https:\/\/www.chocolatemoldsmuseum.com\/de\/wp-json\/wp\/v2\/pages"}],"about":[{"href":"https:\/\/www.chocolatemoldsmuseum.com\/de\/wp-json\/wp\/v2\/types\/page"}],"author":[{"embeddable":true,"href":"https:\/\/www.chocolatemoldsmuseum.com\/de\/wp-json\/wp\/v2\/users\/1"}],"replies":[{"embeddable":true,"href":"https:\/\/www.chocolatemoldsmuseum.com\/de\/wp-json\/wp\/v2\/comments?post=30"}],"version-history":[{"count":2,"href":"https:\/\/www.chocolatemoldsmuseum.com\/de\/wp-json\/wp\/v2\/pages\/30\/revisions"}],"predecessor-version":[{"id":118,"href":"https:\/\/www.chocolatemoldsmuseum.com\/de\/wp-json\/wp\/v2\/pages\/30\/revisions\/118"}],"wp:attachment":[{"href":"https:\/\/www.chocolatemoldsmuseum.com\/de\/wp-json\/wp\/v2\/media?parent=30"}],"curies":[{"name":"wp","href":"https:\/\/api.w.org\/{rel}","templated":true}]}}