{"id":36,"date":"2016-04-15T13:09:06","date_gmt":"2016-04-15T13:09:06","guid":{"rendered":"http:\/\/www.chocolatemoldsmuseum.com\/de\/?page_id=36"},"modified":"2016-06-01T14:30:16","modified_gmt":"2016-06-01T14:30:16","slug":"freunde","status":"publish","type":"page","link":"https:\/\/www.chocolatemoldsmuseum.com\/de\/freunde\/","title":{"rendered":"Freunde"},"content":{"rendered":"<p>Abbaye de Notre Dame de Bonneval<br \/>\n<a href=\"http:\/\/www.abbaye-bonneval.com\" target=\"_blank\">www.abbaye-bonneval.com<\/a><\/p>\n<p>Artesanal Chocolatera S.A. Barcelona<br \/>\n<a href=\"http:\/\/www.bombonesludomar.com\" target=\"_blank\">www.bombonesludomar.com<\/a><\/p>\n<p>Belcolade N.V. \/ B \u2013 Erembodegem<br \/>\n<a href=\"http:\/\/www.belcolade.com\" target=\"_blank\">www.belcolade.com<\/a><\/p>\n<p>Bauer S.A.R.L. France<\/p>\n<p>C.F.C.C. Schaal F \u2013 Strasbourg (Mus\u00e9e Marquise de S\u00e9vign\u00e9)<br \/>\n<a href=\"http:\/\/www.musee-du-chocolat.com\" target=\"_blank\">www.musee-du-chocolat.com<\/a><\/p>\n<p>Chocolate Fashion, Belgien<br \/>\n<a href=\"http:\/\/www.belgapraline.com\" target=\"_blank\">www.belgapraline.com<\/a><\/p>\n<p>Eickmeier &amp; Gehring GmbH &amp; Co. KG<br \/>\n<a href=\"http:\/\/www.chocololly.de\" target=\"_blank\">www.chocololly.de<\/a><\/p>\n<p>Patisserie Koffel France<\/p>\n<p>Kraft Foods UK Ltd. ( Terry\u00b4s ) GB \u2013 York<br \/>\n<a href=\"http:\/\/www.terryschocolate.com\" target=\"_blank\">www.terryschocolate.com<\/a><\/p>\n<p>Lacasa S.A. Zaragoza, Spanien<br \/>\n<a href=\"http:\/\/www.lacasa.es\" target=\"_blank\">www.lacasa.es<\/a><\/p>\n<figure id=\"attachment_101\" aria-describedby=\"caption-attachment-101\" style=\"width: 640px\" class=\"wp-caption alignnone\"><img loading=\"lazy\" class=\"wp-image-101 size-full\" src=\"http:\/\/www.chocolatemoldsmuseum.com\/de\/wp-content\/uploads\/sites\/2\/2016\/04\/381s.jpg\" alt=\"Eduardo Simko &amp; Sohn\" width=\"640\" height=\"640\" srcset=\"https:\/\/www.chocolatemoldsmuseum.com\/de\/wp-content\/uploads\/sites\/2\/2016\/04\/381s.jpg 640w, https:\/\/www.chocolatemoldsmuseum.com\/de\/wp-content\/uploads\/sites\/2\/2016\/04\/381s-150x150.jpg 150w, https:\/\/www.chocolatemoldsmuseum.com\/de\/wp-content\/uploads\/sites\/2\/2016\/04\/381s-300x300.jpg 300w\" sizes=\"(max-width: 640px) 85vw, 640px\" \/><figcaption id=\"caption-attachment-101\" class=\"wp-caption-text\">Eduardo Simko &amp; Sohn<\/figcaption><\/figure>\n","protected":false},"excerpt":{"rendered":"<p>Abbaye de Notre Dame de Bonneval www.abbaye-bonneval.com Artesanal Chocolatera S.A. Barcelona www.bombonesludomar.com Belcolade N.V. \/ B \u2013 Erembodegem www.belcolade.com Bauer S.A.R.L. France C.F.C.C. Schaal F \u2013 Strasbourg (Mus\u00e9e Marquise de S\u00e9vign\u00e9) www.musee-du-chocolat.com Chocolate Fashion, Belgien www.belgapraline.com Eickmeier &amp; Gehring GmbH &amp; Co. KG www.chocololly.de Patisserie Koffel France Kraft Foods UK Ltd. ( Terry\u00b4s ) GB &hellip; <a href=\"https:\/\/www.chocolatemoldsmuseum.com\/de\/freunde\/\" class=\"more-link\"><span class=\"screen-reader-text\">\u201eFreunde\u201c<\/span> weiterlesen<\/a><\/p>\n","protected":false},"author":1,"featured_media":0,"parent":0,"menu_order":30,"comment_status":"closed","ping_status":"closed","template":"","meta":[],"_links":{"self":[{"href":"https:\/\/www.chocolatemoldsmuseum.com\/de\/wp-json\/wp\/v2\/pages\/36"}],"collection":[{"href":"https:\/\/www.chocolatemoldsmuseum.com\/de\/wp-json\/wp\/v2\/pages"}],"about":[{"href":"https:\/\/www.chocolatemoldsmuseum.com\/de\/wp-json\/wp\/v2\/types\/page"}],"author":[{"embeddable":true,"href":"https:\/\/www.chocolatemoldsmuseum.com\/de\/wp-json\/wp\/v2\/users\/1"}],"replies":[{"embeddable":true,"href":"https:\/\/www.chocolatemoldsmuseum.com\/de\/wp-json\/wp\/v2\/comments?post=36"}],"version-history":[{"count":6,"href":"https:\/\/www.chocolatemoldsmuseum.com\/de\/wp-json\/wp\/v2\/pages\/36\/revisions"}],"predecessor-version":[{"id":130,"href":"https:\/\/www.chocolatemoldsmuseum.com\/de\/wp-json\/wp\/v2\/pages\/36\/revisions\/130"}],"wp:attachment":[{"href":"https:\/\/www.chocolatemoldsmuseum.com\/de\/wp-json\/wp\/v2\/media?parent=36"}],"curies":[{"name":"wp","href":"https:\/\/api.w.org\/{rel}","templated":true}]}}